{"id":4615,"date":"2025-02-04T21:24:54","date_gmt":"2025-02-04T20:24:54","guid":{"rendered":"https:\/\/inforgomes.pt\/cozinha\/?page_id=4615"},"modified":"2025-02-04T21:25:25","modified_gmt":"2025-02-04T20:25:25","slug":"contaco","status":"publish","type":"page","link":"https:\/\/inforgomes.pt\/cozinha\/contaco\/","title":{"rendered":"CONTACTO"},"content":{"rendered":"<div class=\"pld-like-dislike-wrap pld-template-4\">\r\n    <div class=\"pld-like-wrap  pld-common-wrap\">\r\n    <a href=\"javascript:void(0)\" class=\"pld-like-trigger pld-like-dislike-trigger  \" title=\"Gosto\" data-post-id=\"4615\" data-trigger-type=\"like\" data-restriction=\"no\" data-already-liked=\"0\">\r\n                        <i class=\"far fa-smile\"><\/i>\r\n                    <\/a>\r\n    <span class=\"pld-like-count-wrap pld-count-wrap\">1    <\/span>\r\n<\/div><div class=\"pld-dislike-wrap  pld-common-wrap\">\r\n    <a href=\"javascript:void(0)\" class=\"pld-dislike-trigger pld-like-dislike-trigger  \" title=\"N\u00e3o gosto\" data-post-id=\"4615\" data-trigger-type=\"dislike\" data-restriction=\"no\" data-already-liked=\"0\">\r\n                        <i class=\"far fa-frown\"><\/i>\r\n                    <\/a>\r\n    <span class=\"pld-dislike-count-wrap pld-count-wrap\">0<\/span>\r\n<\/div><\/div><p>&nbsp;<\/p>\n<p><span style=\"font-family: Aladin; font-size: 48px;\">\ud83c\uddf5\ud83c\uddf9 <\/span><span data-darkreader-inline-color=\"\"><span style=\"font-family: Aladin; font-size: 48px; color: #ff0000;\" data-darkreader-inline-color=\"\">Apokalypsus Kitchen<\/span> <img loading=\"lazy\" decoding=\"async\" class=\"alignnone wp-image-4088\" src=\"https:\/\/inforgomes.pt\/cozinha\/wp-content\/uploads\/2024\/12\/logo100-transp.png\" alt=\"\" width=\"45\" height=\"69\" \/><\/span><\/p>\n<p><span style=\"font-size: 32px;\"><span style=\"font-family: Aladin; color: #ff0000; --darkreader-inline-color: var(--darkreader-text-ff0000, #ff1a1a);\" data-darkreader-inline-color=\"\">CONTACTO<\/span>\ud83d\udc68\u200d\ud83c\udf73\ud83c\udf7d\ufe0f<\/span><\/p>\n<p style=\"text-align: justify;\">Para quem pretender informa\u00e7\u00f5es ou estiver interessado sobre as receitas deste blogue, poder\u00e1 contactar-me pelo endere\u00e7o de e-mail:<\/p>\n<p style=\"text-align: center;\"><span style=\"font-size: 20px;\"><a href=\"mailto:culinaria@apokalypsus.live\" target=\"_blank\" rel=\"noopener\">culinaria@apokalypsus.live<\/a><\/span><\/p>\n<p>04.02.2025<\/p>\n<p>Visita <a href=\"https:\/\/www.counter12.com\"><img decoding=\"async\" src=\"https:\/\/www.counter12.com\/img-100zz48B9y9Zy303-5.gif\" alt=\"conter12\" border=\"0\" \/><\/a><\/p>\n<p><img loading=\"lazy\" decoding=\"async\" class=\"alignnone wp-image-3558\" src=\"https:\/\/inforgomes.pt\/cozinha\/wp-content\/uploads\/2024\/11\/fritadeira-forno-airfryer02a.png\" alt=\"\" width=\"167\" height=\"173\" srcset=\"https:\/\/inforgomes.pt\/cozinha\/wp-content\/uploads\/2024\/11\/fritadeira-forno-airfryer02a.png 293w, https:\/\/inforgomes.pt\/cozinha\/wp-content\/uploads\/2024\/11\/fritadeira-forno-airfryer02a-290x300.png 290w\" sizes=\"auto, (max-width: 167px) 100vw, 167px\" \/>\u00a0<img loading=\"lazy\" decoding=\"async\" class=\" wp-image-2710\" src=\"https:\/\/inforgomes.pt\/cozinha\/wp-content\/uploads\/2024\/09\/cecofry-advance-9000-window01a.jpg\" alt=\"\" width=\"214\" height=\"181\" \/> <img loading=\"lazy\" decoding=\"async\" class=\"alignnone wp-image-4146\" src=\"https:\/\/inforgomes.pt\/cozinha\/wp-content\/uploads\/2025\/01\/25anos-300transp.png\" alt=\"\" width=\"148\" height=\"162\" \/><\/p>\n<p><img loading=\"lazy\" decoding=\"async\" class=\"alignnone wp-image-1220\" src=\"https:\/\/inforgomes.pt\/cozinha\/wp-content\/uploads\/2023\/12\/bon-apetite.gif\" alt=\"\" width=\"137\" height=\"163\" \/><img loading=\"lazy\" decoding=\"async\" class=\"alignnone wp-image-1726\" src=\"https:\/\/inforgomes.pt\/cozinha\/wp-content\/uploads\/2024\/03\/huum-300x300.jpg\" alt=\"\" width=\"128\" height=\"128\" srcset=\"https:\/\/inforgomes.pt\/cozinha\/wp-content\/uploads\/2024\/03\/huum-300x300.jpg 300w, https:\/\/inforgomes.pt\/cozinha\/wp-content\/uploads\/2024\/03\/huum-150x150.jpg 150w, https:\/\/inforgomes.pt\/cozinha\/wp-content\/uploads\/2024\/03\/huum.jpg 512w\" sizes=\"auto, (max-width: 128px) 100vw, 128px\" \/> <img loading=\"lazy\" decoding=\"async\" class=\"alignnone wp-image-4409\" src=\"https:\/\/inforgomes.pt\/cozinha\/wp-content\/uploads\/2025\/01\/panela-anim.gif\" alt=\"\" width=\"206\" height=\"146\" \/><br \/>\n<img loading=\"lazy\" decoding=\"async\" class=\"alignnone wp-image-2603\" src=\"https:\/\/inforgomes.pt\/cozinha\/wp-content\/uploads\/2024\/08\/avatar14.png\" alt=\"\" width=\"164\" height=\"164\" srcset=\"https:\/\/inforgomes.pt\/cozinha\/wp-content\/uploads\/2024\/08\/avatar14.png 206w, https:\/\/inforgomes.pt\/cozinha\/wp-content\/uploads\/2024\/08\/avatar14-150x150.png 150w\" sizes=\"auto, (max-width: 164px) 100vw, 164px\" \/><img loading=\"lazy\" decoding=\"async\" class=\"alignnone wp-image-2863\" src=\"https:\/\/inforgomes.pt\/cozinha\/wp-content\/uploads\/2024\/10\/78-meio-transp.png\" alt=\"\" width=\"140\" height=\"159\" srcset=\"https:\/\/inforgomes.pt\/cozinha\/wp-content\/uploads\/2024\/10\/78-meio-transp.png 497w, https:\/\/inforgomes.pt\/cozinha\/wp-content\/uploads\/2024\/10\/78-meio-transp-262x300.png 262w\" sizes=\"auto, (max-width: 140px) 100vw, 140px\" \/> <img loading=\"lazy\" decoding=\"async\" class=\"alignnone wp-image-2520\" src=\"https:\/\/inforgomes.pt\/cozinha\/wp-content\/uploads\/2024\/08\/yin-yang-transp.png\" alt=\"\" width=\"151\" height=\"153\" \/><br \/>\n<span style=\"font-size: 12px;\"><em>Webdesigner, Computer Networks and Systems,<\/em><\/span><br \/>\n<span style=\"font-size: 12px;\"><em>Programmer, Astronomer, Photographer, Blogger, Culinary Cook,<\/em><\/span><br \/>\n<span style=\"font-size: 12px;\"><em>Digital Content, Certificate Microsoft Network Server,<\/em><\/span><br \/>\n<span style=\"font-size: 12px;\"><em>Administrative and Financial Manager, IA, Scientific Researcher,<br \/>\nMusician: Drummer and Vocalist<br \/>\nPortal:<a href=\"https:\/\/inforgomes.pt\" target=\"_blank\" rel=\"noopener\"> https:\/\/inforgomes.pt\/<\/a><\/em><\/span><br \/>\n<img loading=\"lazy\" decoding=\"async\" class=\"alignnone wp-image-1223\" src=\"https:\/\/inforgomes.pt\/cozinha\/wp-content\/uploads\/2023\/11\/0-coracao_transp.png\" alt=\"\" width=\"136\" height=\"122\" \/> <img loading=\"lazy\" decoding=\"async\" class=\"alignnone wp-image-1758\" src=\"https:\/\/inforgomes.pt\/cozinha\/wp-content\/uploads\/2024\/03\/nao-AO.png\" alt=\"\" width=\"128\" height=\"128\" srcset=\"https:\/\/inforgomes.pt\/cozinha\/wp-content\/uploads\/2024\/03\/nao-AO.png 290w, https:\/\/inforgomes.pt\/cozinha\/wp-content\/uploads\/2024\/03\/nao-AO-150x150.png 150w\" sizes=\"auto, (max-width: 128px) 100vw, 128px\" \/> <img loading=\"lazy\" decoding=\"async\" class=\"alignnone wp-image-1791\" src=\"https:\/\/inforgomes.pt\/cozinha\/wp-content\/uploads\/2024\/03\/meio-ambiente.png\" alt=\"\" width=\"127\" height=\"130\" \/><\/p>\n<p>published in: 04\/02\/2025<\/p>\n<img decoding=\"async\" src=\"https:\/\/inforgomes.pt\/cozinha\/wp-content\/plugins\/qr-code-tag-for-wc-from-goaskle-com\/data\/qrct-d9372f1dc498e1aa17cc1fbb5215c56b.png\" class=\"qrctimage\" \/>\n<p>&nbsp;<\/p>\n<div class=\"pvc_clear\"><\/div>\n<p id=\"pvc_stats_4615\" class=\"pvc_stats all  \" data-element-id=\"4615\" style=\"\"><i class=\"pvc-stats-icon medium\" aria-hidden=\"true\"><svg aria-hidden=\"true\" focusable=\"false\" data-prefix=\"far\" data-icon=\"chart-bar\" role=\"img\" xmlns=\"http:\/\/www.w3.org\/2000\/svg\" viewBox=\"0 0 512 512\" class=\"svg-inline--fa fa-chart-bar fa-w-16 fa-2x\"><path fill=\"currentColor\" d=\"M396.8 352h22.4c6.4 0 12.8-6.4 12.8-12.8V108.8c0-6.4-6.4-12.8-12.8-12.8h-22.4c-6.4 0-12.8 6.4-12.8 12.8v230.4c0 6.4 6.4 12.8 12.8 12.8zm-192 0h22.4c6.4 0 12.8-6.4 12.8-12.8V140.8c0-6.4-6.4-12.8-12.8-12.8h-22.4c-6.4 0-12.8 6.4-12.8 12.8v198.4c0 6.4 6.4 12.8 12.8 12.8zm96 0h22.4c6.4 0 12.8-6.4 12.8-12.8V204.8c0-6.4-6.4-12.8-12.8-12.8h-22.4c-6.4 0-12.8 6.4-12.8 12.8v134.4c0 6.4 6.4 12.8 12.8 12.8zM496 400H48V80c0-8.84-7.16-16-16-16H16C7.16 64 0 71.16 0 80v336c0 17.67 14.33 32 32 32h464c8.84 0 16-7.16 16-16v-16c0-8.84-7.16-16-16-16zm-387.2-48h22.4c6.4 0 12.8-6.4 12.8-12.8v-70.4c0-6.4-6.4-12.8-12.8-12.8h-22.4c-6.4 0-12.8 6.4-12.8 12.8v70.4c0 6.4 6.4 12.8 12.8 12.8z\" class=\"\"><\/path><\/svg><\/i> <img loading=\"lazy\" decoding=\"async\" width=\"16\" height=\"16\" alt=\"Loading\" src=\"https:\/\/inforgomes.pt\/cozinha\/wp-content\/plugins\/page-views-count\/ajax-loader-2x.gif\" border=0 \/><\/p>\n<div class=\"pvc_clear\"><\/div>\n","protected":false},"excerpt":{"rendered":"<p>1 0 &nbsp; \ud83c\uddf5\ud83c\uddf9 Apokalypsus Kitchen CONTACTO\ud83d\udc68\u200d\ud83c\udf73\ud83c\udf7d\ufe0f Para quem pretender informa\u00e7\u00f5es ou estiver interessado sobre as receitas deste blogue, poder\u00e1 contactar-me pelo endere\u00e7o de e-mail: culinaria@apokalypsus.live 04.02.2025 Visita \u00a0 Webdesigner, Computer Networks and Systems, Programmer, Astronomer, Photographer, Blogger, Culinary Cook, &hellip; <a href=\"https:\/\/inforgomes.pt\/cozinha\/contaco\/\">Continuar a ler <span class=\"meta-nav\">&rarr;<\/span><\/a><\/p>\n<div class=\"pvc_clear\"><\/div>\n<p id=\"pvc_stats_4615\" class=\"pvc_stats all  \" data-element-id=\"4615\" style=\"\"><i class=\"pvc-stats-icon medium\" aria-hidden=\"true\"><svg aria-hidden=\"true\" focusable=\"false\" data-prefix=\"far\" data-icon=\"chart-bar\" role=\"img\" xmlns=\"http:\/\/www.w3.org\/2000\/svg\" viewBox=\"0 0 512 512\" class=\"svg-inline--fa fa-chart-bar fa-w-16 fa-2x\"><path fill=\"currentColor\" d=\"M396.8 352h22.4c6.4 0 12.8-6.4 12.8-12.8V108.8c0-6.4-6.4-12.8-12.8-12.8h-22.4c-6.4 0-12.8 6.4-12.8 12.8v230.4c0 6.4 6.4 12.8 12.8 12.8zm-192 0h22.4c6.4 0 12.8-6.4 12.8-12.8V140.8c0-6.4-6.4-12.8-12.8-12.8h-22.4c-6.4 0-12.8 6.4-12.8 12.8v198.4c0 6.4 6.4 12.8 12.8 12.8zm96 0h22.4c6.4 0 12.8-6.4 12.8-12.8V204.8c0-6.4-6.4-12.8-12.8-12.8h-22.4c-6.4 0-12.8 6.4-12.8 12.8v134.4c0 6.4 6.4 12.8 12.8 12.8zM496 400H48V80c0-8.84-7.16-16-16-16H16C7.16 64 0 71.16 0 80v336c0 17.67 14.33 32 32 32h464c8.84 0 16-7.16 16-16v-16c0-8.84-7.16-16-16-16zm-387.2-48h22.4c6.4 0 12.8-6.4 12.8-12.8v-70.4c0-6.4-6.4-12.8-12.8-12.8h-22.4c-6.4 0-12.8 6.4-12.8 12.8v70.4c0 6.4 6.4 12.8 12.8 12.8z\" class=\"\"><\/path><\/svg><\/i> <img loading=\"lazy\" decoding=\"async\" width=\"16\" height=\"16\" alt=\"Loading\" src=\"https:\/\/inforgomes.pt\/cozinha\/wp-content\/plugins\/page-views-count\/ajax-loader-2x.gif\" border=0 \/><\/p>\n<div class=\"pvc_clear\"><\/div>\n","protected":false},"author":1,"featured_media":0,"parent":0,"menu_order":0,"comment_status":"closed","ping_status":"closed","template":"","meta":{"footnotes":""},"class_list":["post-4615","page","type-page","status-publish","hentry"],"_links":{"self":[{"href":"https:\/\/inforgomes.pt\/cozinha\/wp-json\/wp\/v2\/pages\/4615","targetHints":{"allow":["GET"]}}],"collection":[{"href":"https:\/\/inforgomes.pt\/cozinha\/wp-json\/wp\/v2\/pages"}],"about":[{"href":"https:\/\/inforgomes.pt\/cozinha\/wp-json\/wp\/v2\/types\/page"}],"author":[{"embeddable":true,"href":"https:\/\/inforgomes.pt\/cozinha\/wp-json\/wp\/v2\/users\/1"}],"replies":[{"embeddable":true,"href":"https:\/\/inforgomes.pt\/cozinha\/wp-json\/wp\/v2\/comments?post=4615"}],"version-history":[{"count":2,"href":"https:\/\/inforgomes.pt\/cozinha\/wp-json\/wp\/v2\/pages\/4615\/revisions"}],"predecessor-version":[{"id":4618,"href":"https:\/\/inforgomes.pt\/cozinha\/wp-json\/wp\/v2\/pages\/4615\/revisions\/4618"}],"wp:attachment":[{"href":"https:\/\/inforgomes.pt\/cozinha\/wp-json\/wp\/v2\/media?parent=4615"}],"curies":[{"name":"wp","href":"https:\/\/api.w.org\/{rel}","templated":true}]}}